{"id":8135,"date":"2019-04-24T12:52:16","date_gmt":"2019-04-24T12:52:16","guid":{"rendered":"https:\/\/costchem.it\/home-corporate\/"},"modified":"2020-03-31T12:29:29","modified_gmt":"2020-03-31T10:29:29","slug":"home-corporate","status":"publish","type":"page","link":"https:\/\/costchem.it\/es\/","title":{"rendered":"Home"},"content":{"rendered":"<div class=\"wpb-content-wrapper\"><p>[vc_row el_class=&#8221;under-menu-topbar&#8221;][vc_column][rev_slider_vc alias=&#8221;home-2-11&#8243;][\/vc_column][\/vc_row][vc_row full_width=&#8221;stretch_row&#8221; css=&#8221;.vc_custom_1581940574347{padding-top: 110px !important;padding-bottom: 110px !important;background-color: #f6f6f6 !important;}&#8221;][vc_column css=&#8221;.vc_custom_1516008777154{padding-right: 0px !important;padding-left: 0px !important;}&#8221;][vc_row_inner el_id=&#8221;prodotti&#8221;][vc_column_inner]<header class=\"kd-section-title vc_col-lg-6 vc_col-sm-8 text-left  kd-animated fadeIn   vc_custom_1585572948123\" data-animation-delay=200><h2 class=\"separator_off\" style=\"color: #000000;\">PRODUCTOS DE COSTCHEM<\/h2><\/header>[\/vc_column_inner][\/vc_row_inner]\n            <div class=\"sliding_box_parent row kd-slidingbox-69df4d032315c \"><div class=\"sliding_box_child active-elem\" >\n                <div class=\"sb-image\"><img loading=\"lazy\" decoding=\"async\" width=\"800\" height=\"800\" src=\"https:\/\/costchem.it\/wp-content\/uploads\/2020\/02\/1-shoes.jpg\" class=\"attachment-full\" alt=\"\" title=\"1-shoes\" srcset=\"https:\/\/costchem.it\/wp-content\/uploads\/2020\/02\/1-shoes.jpg 800w, https:\/\/costchem.it\/wp-content\/uploads\/2020\/02\/1-shoes-300x300.jpg 300w, https:\/\/costchem.it\/wp-content\/uploads\/2020\/02\/1-shoes-150x150.jpg 150w, https:\/\/costchem.it\/wp-content\/uploads\/2020\/02\/1-shoes-768x768.jpg 768w, https:\/\/costchem.it\/wp-content\/uploads\/2020\/02\/1-shoes-320x320.jpg 320w\" sizes=\"auto, (max-width: 800px) 100vw, 800px\" \/><\/div>\n                <div class=\"sb_content_wrapper\" ><h4 >ZAPATOS<\/h4><div class=\"sb-btncontainer\"><a href=\"https:\/\/costchem.it\/es\/zapatos\/\"  target=\"_self\"  title=\"\" class=\"tt_button tt_primary_button \">Descubrir<\/a><\/div><\/div>\n            <\/div><div class=\"sliding_box_child active-elem\" >\n                <div class=\"sb-image\"><img loading=\"lazy\" decoding=\"async\" width=\"800\" height=\"800\" src=\"https:\/\/costchem.it\/wp-content\/uploads\/2020\/02\/2-filter.jpg\" class=\"attachment-full\" alt=\"\" title=\"2-filter\" srcset=\"https:\/\/costchem.it\/wp-content\/uploads\/2020\/02\/2-filter.jpg 800w, https:\/\/costchem.it\/wp-content\/uploads\/2020\/02\/2-filter-300x300.jpg 300w, https:\/\/costchem.it\/wp-content\/uploads\/2020\/02\/2-filter-150x150.jpg 150w, https:\/\/costchem.it\/wp-content\/uploads\/2020\/02\/2-filter-768x768.jpg 768w, https:\/\/costchem.it\/wp-content\/uploads\/2020\/02\/2-filter-320x320.jpg 320w\" sizes=\"auto, (max-width: 800px) 100vw, 800px\" \/><\/div>\n                <div class=\"sb_content_wrapper\" ><h4 >FILTROS DE AUTOM\u00d3VILES<\/h4><div class=\"sb-btncontainer\"><a href=\"\/es\/filtros-de-automoviles\/\"  target=\"_self\"  title=\"\" class=\"tt_button tt_primary_button \">Descubrir<\/a><\/div><\/div>\n            <\/div><\/div><script type=\"text\/javascript\">\n              jQuery(document).ready(function($){\n                if ($(\".sliding_box_parent.kd-slidingbox-69df4d032315c\").length) {\n                  $(\".kd-slidingbox-69df4d032315c .sliding_box_child\").on(\"mouseenter\", function() {\n                    $(\".kd-slidingbox-69df4d032315c .sliding_box_child\").removeClass(\"active-elem\");\n                    $(this).addClass(\"active-elem\");\n                  });\n                }\n              });\n            <\/script>[vc_empty_space height=&#8221;30px&#8221;]\n            <div class=\"sliding_box_parent row kd-slidingbox-69df4d032409c \"><div class=\"sliding_box_child active-elem\" >\n                <div class=\"sb-image\"><img loading=\"lazy\" decoding=\"async\" width=\"800\" height=\"800\" src=\"https:\/\/costchem.it\/wp-content\/uploads\/2020\/02\/3-flexible_packaging.jpg\" class=\"attachment-full\" alt=\"\" title=\"3-flexible_packaging\" srcset=\"https:\/\/costchem.it\/wp-content\/uploads\/2020\/02\/3-flexible_packaging.jpg 800w, https:\/\/costchem.it\/wp-content\/uploads\/2020\/02\/3-flexible_packaging-300x300.jpg 300w, https:\/\/costchem.it\/wp-content\/uploads\/2020\/02\/3-flexible_packaging-150x150.jpg 150w, https:\/\/costchem.it\/wp-content\/uploads\/2020\/02\/3-flexible_packaging-768x768.jpg 768w, https:\/\/costchem.it\/wp-content\/uploads\/2020\/02\/3-flexible_packaging-320x320.jpg 320w\" sizes=\"auto, (max-width: 800px) 100vw, 800px\" \/><\/div>\n                <div class=\"sb_content_wrapper\" ><h4 >EMBALAJE FLEXIBLES<\/h4><div class=\"sb-btncontainer\"><a href=\"\/es\/embalaje-flexibles\/\"  target=\"_self\"  title=\"\" class=\"tt_button tt_primary_button \">Descubrir<\/a><\/div><\/div>\n            <\/div><div class=\"sliding_box_child active-elem\" >\n                <div class=\"sb-image\"><img loading=\"lazy\" decoding=\"async\" width=\"800\" height=\"800\" src=\"https:\/\/costchem.it\/wp-content\/uploads\/2020\/02\/4-vela.jpg\" class=\"attachment-full\" alt=\"\" title=\"4-vela\" srcset=\"https:\/\/costchem.it\/wp-content\/uploads\/2020\/02\/4-vela.jpg 800w, https:\/\/costchem.it\/wp-content\/uploads\/2020\/02\/4-vela-300x300.jpg 300w, https:\/\/costchem.it\/wp-content\/uploads\/2020\/02\/4-vela-150x150.jpg 150w, https:\/\/costchem.it\/wp-content\/uploads\/2020\/02\/4-vela-768x768.jpg 768w, https:\/\/costchem.it\/wp-content\/uploads\/2020\/02\/4-vela-320x320.jpg 320w\" sizes=\"auto, (max-width: 800px) 100vw, 800px\" \/><\/div>\n                <div class=\"sb_content_wrapper\" ><h4 >VELAS<\/h4><div class=\"sb-btncontainer\"><a href=\"\/es\/velas\/\"  target=\"_self\"  title=\"\" class=\"tt_button tt_primary_button \">Descubrir<\/a><\/div><\/div>\n            <\/div><\/div><script type=\"text\/javascript\">\n              jQuery(document).ready(function($){\n                if ($(\".sliding_box_parent.kd-slidingbox-69df4d032409c\").length) {\n                  $(\".kd-slidingbox-69df4d032409c .sliding_box_child\").on(\"mouseenter\", function() {\n                    $(\".kd-slidingbox-69df4d032409c .sliding_box_child\").removeClass(\"active-elem\");\n                    $(this).addClass(\"active-elem\");\n                  });\n                }\n              });\n            <\/script>[\/vc_column][\/vc_row][vc_row full_width=&#8221;stretch_row_content_no_spaces&#8221; css=&#8221;.vc_custom_1580832167943{background-color: #022f5e !important;}&#8221;][vc_column width=&#8221;1\/2&#8243; offset=&#8221;vc_col-lg-6 vc_col-md-12&#8243;][vc_row_inner css=&#8221;.vc_custom_1580828720590{padding-top: 50px !important;}&#8221;][vc_column_inner width=&#8221;1\/6&#8243; offset=&#8221;vc_hidden-xs&#8221;][\/vc_column_inner][vc_column_inner width=&#8221;2\/3&#8243;][vc_column_text]<\/p>\n<h1><span style=\"font-size: 18pt; color: #ffffff;\"><strong>NUESTRA COMPA\u00d1\u00cdA<\/strong><\/span><\/h1>\n<p>[\/vc_column_text][vc_empty_space height=&#8221;50px&#8221;][vc_column_text]<span style=\"font-size: 14pt; font-weight: 200; color: #ffffff;\"><strong>Costchem<\/strong> es una f\u00e1brica que produce materiales adhesivos con sede en Mason Vicentino en un complejo industrial nuevo y moderno.<\/span><br \/>\n<span style=\"font-size: 14pt; color: #ffffff;\"><strong>Costchem<\/strong> es el resultado de m\u00e1s de 70 a\u00f1os de experiencia en el campo del pegamento para zapatos. Su propietario, <strong>Giorgio Costenaro<\/strong>, ha aportado a la empresa toda la experiencia t\u00e9cnica, tecnol\u00f3gica y comercial adquirida por dos generaciones de fabricantes de pegamento: desde el fundador Mino Costenaro y Maria, quienes comenzaron la producci\u00f3n de pegamento para zapatos desde 1948 hasta los a\u00f1os 70, hasta Giorgio Costenaro y Mar\u00eda hasta estos d\u00edas. <\/span><\/p>\n<p>[\/vc_column_text][\/vc_column_inner][vc_column_inner width=&#8221;1\/6&#8243;][\/vc_column_inner][\/vc_row_inner][\/vc_column][vc_column width=&#8221;1\/2&#8243; css=&#8221;.vc_custom_1541520744863{padding-top: 0px !important;}&#8221; offset=&#8221;vc_col-lg-6 vc_col-md-12&#8243;][vc_row_inner css=&#8221;.vc_custom_1580828034504{padding-top: 200px !important;padding-bottom: 200px !important;background-image: url(https:\/\/costchem.it\/wp-content\/uploads\/2020\/02\/TAKA-RITOCCO-1.jpg?id=7425) !important;background-position: center !important;background-repeat: no-repeat !important;background-size: cover !important;}&#8221;][vc_column_inner css=&#8221;.vc_custom_1511789291663{padding-top: 0px !important;padding-bottom: 0px !important;}&#8221;][vc_empty_space height=&#8221;290px&#8221;][\/vc_column_inner][\/vc_row_inner][\/vc_column][\/vc_row][vc_row full_width=&#8221;stretch_row_content_no_spaces&#8221; css=&#8221;.vc_custom_1580832121069{background-color: #022f5e !important;}&#8221;][vc_column width=&#8221;1\/2&#8243; css=&#8221;.vc_custom_1538998872764{padding-top: 0px !important;}&#8221; offset=&#8221;vc_col-lg-6 vc_col-md-12&#8243;][vc_row_inner css=&#8221;.vc_custom_1580828769641{padding-top: 300px !important;padding-bottom: 220px !important;background-image: url(https:\/\/costchem.it\/wp-content\/uploads\/2020\/02\/1260284.jpg?id=7438) !important;background-position: center !important;background-repeat: no-repeat !important;background-size: cover !important;}&#8221;][vc_column_inner css=&#8221;.vc_custom_1511789291663{padding-top: 0px !important;padding-bottom: 0px !important;}&#8221;][vc_empty_space height=&#8221;130px&#8221;][\/vc_column_inner][\/vc_row_inner][\/vc_column][vc_column width=&#8221;1\/2&#8243; offset=&#8221;vc_col-lg-6 vc_col-md-12&#8243;][vc_row_inner css=&#8221;.vc_custom_1580829328997{padding-top: 150px !important;}&#8221;][vc_column_inner width=&#8221;1\/6&#8243;][\/vc_column_inner][vc_column_inner width=&#8221;2\/3&#8243;][vc_column_text]<span style=\"font-size: 14pt; color: #ffffff;\">Nuestra elecci\u00f3n productiva se centra en pegamentos tecnol\u00f3gicamente avanzados, respetuosos con la salud y la seguridad de los trabajadores y del medio ambiente.<\/span><br \/>\n<span style=\"font-size: 14pt; color: #ffffff;\"><strong>Costchem<\/strong> produce de manera aut\u00f3noma varios tipos de pol\u00edmeros,como poli\u00e9ster, poliamida y poliuretano para ser utilizados como adhesivos y puede ofrecer a sus clientes la mejor y m\u00e1s avanzada tecnolog\u00eda combinada con la m\u00e1s alta calidad.<\/span>[\/vc_column_text][vc_empty_space height=&#8221;20px&#8221;]<a  href=\"\/es\/quienes-somos\/\"  target=\"_self\"  title=\"\" class=\"tt_button tt_primary_button btn_secondary_color hover_outline_primary pull-left  icon_right kd-animated zoomIn\" data-animation-delay=200><span class=\"prim_text\">Descubrir<\/span><span class=\" iconita\"><\/span><\/a>[\/vc_column_inner][vc_column_inner width=&#8221;1\/6&#8243;][\/vc_column_inner][\/vc_row_inner][\/vc_column][\/vc_row][vc_row][vc_column][vc_row_inner gap=&#8221;30&#8243; css=&#8221;.vc_custom_1580832010797{padding-top: 100px !important;padding-bottom: 100px !important;}&#8221;][vc_column_inner width=&#8221;1\/2&#8243;][vc_single_image source=&#8221;external_link&#8221; css_animation=&#8221;fadeIn&#8221; custom_src=&#8221;https:\/\/costchem.it\/wp-content\/uploads\/2020\/02\/Logo_COSTACHEM_02-01.png&#8221;][\/vc_column_inner][vc_column_inner width=&#8221;1\/2&#8243;][vc_custom_heading text=&#8221;FORMULARIO DE CONTACTO&#8221; font_container=&#8221;tag:h2|text_align:left|color:%23000000&#8243; use_theme_fonts=&#8221;yes&#8221; css_animation=&#8221;fadeIn&#8221; css=&#8221;.vc_custom_1585574504828{margin-bottom: 35px !important;}&#8221;][vc_column_text]<span style=\"font-size: 14pt;\">Para recibir m\u00e1s informaci\u00f3n, complete el formulario que puede encontrar aqu\u00ed.<\/span>[\/vc_column_text][vc_empty_space height=&#8221;20px&#8221;]\n<div class=\"wpcf7 no-js\" id=\"wpcf7-f8142-o1\" lang=\"it-IT\" dir=\"ltr\" data-wpcf7-id=\"8142\">\n<div class=\"screen-reader-response\"><p role=\"status\" aria-live=\"polite\" aria-atomic=\"true\"><\/p> <ul><\/ul><\/div>\n<form action=\"\/es\/wp-json\/wp\/v2\/pages\/8135#wpcf7-f8142-o1\" method=\"post\" class=\"wpcf7-form init wpcf7-acceptance-as-validation\" aria-label=\"Modulo di contatto\" novalidate=\"novalidate\" data-status=\"init\">\n<fieldset class=\"hidden-fields-container\"><input type=\"hidden\" name=\"_wpcf7\" value=\"8142\" \/><input type=\"hidden\" name=\"_wpcf7_version\" value=\"6.1\" \/><input type=\"hidden\" name=\"_wpcf7_locale\" value=\"it_IT\" \/><input type=\"hidden\" name=\"_wpcf7_unit_tag\" value=\"wpcf7-f8142-o1\" \/><input type=\"hidden\" name=\"_wpcf7_container_post\" value=\"0\" \/><input type=\"hidden\" name=\"_wpcf7_posted_data_hash\" value=\"\" \/><input type=\"hidden\" name=\"_wpcf7_recaptcha_response\" value=\"\" \/>\n<\/fieldset>\n<p><label> Nombre<br \/>\n<span class=\"wpcf7-form-control-wrap\" data-name=\"nome\"><input size=\"40\" maxlength=\"400\" class=\"wpcf7-form-control wpcf7-text wpcf7-validates-as-required\" aria-required=\"true\" aria-invalid=\"false\" value=\"\" type=\"text\" name=\"nome\" \/><\/span> <\/label>\n<\/p>\n<p><label> Email<br \/>\n<span class=\"wpcf7-form-control-wrap\" data-name=\"email\"><input size=\"40\" maxlength=\"400\" class=\"wpcf7-form-control wpcf7-email wpcf7-validates-as-required wpcf7-text wpcf7-validates-as-email\" aria-required=\"true\" aria-invalid=\"false\" value=\"\" type=\"email\" name=\"email\" \/><\/span> <\/label>\n<\/p>\n<p><label> N\u00famero de tel\u00e9fono<br \/>\n<span class=\"wpcf7-form-control-wrap\" data-name=\"telefono\"><input size=\"40\" maxlength=\"400\" class=\"wpcf7-form-control wpcf7-text\" aria-invalid=\"false\" value=\"\" type=\"text\" name=\"telefono\" \/><\/span><\/label>\n<\/p>\n<p><label> Mensaje<br \/>\n<span class=\"wpcf7-form-control-wrap\" data-name=\"messaggio\"><textarea cols=\"40\" rows=\"10\" maxlength=\"2000\" class=\"wpcf7-form-control wpcf7-textarea\" aria-invalid=\"false\" name=\"messaggio\"><\/textarea><\/span><\/label>\n<\/p>\n<p><span class=\"wpcf7-form-control-wrap\" data-name=\"privacy\"><span class=\"wpcf7-form-control wpcf7-acceptance\"><span class=\"wpcf7-list-item\"><label><input type=\"checkbox\" name=\"privacy\" value=\"1\" aria-invalid=\"false\" \/><span class=\"wpcf7-list-item-label\">Acepto los t\u00e9rminos y condiciones de la <a href=\"es\/politica-de-privacidad\/\" target=\"_blank\">Pol\u00edtica de privacidad<\/a> (normativa de la UE,\n2016\/679)*.<\/span><\/label><\/span><\/span><\/span>\n<\/p>\n<p><input class=\"wpcf7-form-control wpcf7-submit has-spinner\" type=\"submit\" value=\"Enviar\" \/>\n<\/p><input type='hidden' class='wpcf7-pum' value='{\"closepopup\":false,\"closedelay\":0,\"openpopup\":false,\"openpopup_id\":0}' \/><div class=\"wpcf7-response-output\" aria-hidden=\"true\"><\/div>\n<\/form>\n<\/div>\n[\/vc_column_inner][\/vc_row_inner][\/vc_column][\/vc_row][vc_row full_width=&#8221;stretch_row&#8221; parallax=&#8221;content-moving&#8221; kd_image_overlay_color=&#8221;rgba(76,76,76,0.7)&#8221; kd_image_overlay=&#8221;true&#8221; css=&#8221;.vc_custom_1581519851099{background-image: url(https:\/\/costchem.it\/wp-content\/uploads\/2020\/02\/1260281.jpg?id=7441) !important;background-position: center;background-repeat: no-repeat !important;background-size: cover !important;}&#8221;][vc_column][vc_row_inner disable_element=&#8221;yes&#8221; css=&#8221;.vc_custom_1580831652203{border-bottom-width: 1px !important;padding-top: 60px !important;padding-bottom: 60px !important;border-bottom-color: rgba(255,255,255,0.2) !important;border-bottom-style: solid !important;}&#8221;][vc_column_inner]<div class=\"slider clients lift-effect kd-client-69df4d032c557  \"><div class=\"clients-content kd-animated zoomIn\" data-animation-delay=200><img decoding=\"async\" src=\"https:\/\/www.ekko-wp.com\/static\/wp-content\/uploads\/sites\/3\/2019\/03\/logo1white.png\"  \/><\/div><div class=\"clients-content kd-animated zoomIn\" data-animation-delay=200><img decoding=\"async\" src=\"https:\/\/www.ekko-wp.com\/static\/wp-content\/uploads\/sites\/3\/2019\/03\/logo3white.png\"  \/><\/div><div class=\"clients-content kd-animated zoomIn\" data-animation-delay=200><img decoding=\"async\" src=\"https:\/\/www.ekko-wp.com\/static\/wp-content\/uploads\/sites\/3\/2019\/03\/logo4white.png\"  \/><\/div><div class=\"clients-content kd-animated zoomIn\" data-animation-delay=200><img decoding=\"async\" src=\"https:\/\/www.ekko-wp.com\/static\/wp-content\/uploads\/sites\/3\/2019\/03\/logo5white.png\"  \/><\/div><div class=\"clients-content kd-animated zoomIn\" data-animation-delay=200><img decoding=\"async\" src=\"https:\/\/www.ekko-wp.com\/static\/wp-content\/uploads\/sites\/3\/2019\/03\/logo6white.png\"  \/><\/div><div class=\"clients-content kd-animated zoomIn\" data-animation-delay=200><img decoding=\"async\" src=\"https:\/\/www.ekko-wp.com\/static\/wp-content\/uploads\/sites\/3\/2019\/03\/logo2white.png\"  \/><\/div><\/div><script type=\"text\/javascript\">\r\n              jQuery(document).ready(function($){\r\n                if ($(\".slider.clients.kd-client-69df4d032c557\").length) {\r\n                  $(\".slider.clients.kd-client-69df4d032c557\").owlCarousel({\r\n                    stageClass: \"owl-wrapper\",\r\n                    stageOuterClass: \"owl-wrapper-outer\",\r\n                    loadedClass: \"owl-carousel\",\r\n                    responsiveClass:true,responsive:{\r\n                      0:{\r\n                          items:1,dots: false,},\r\n                      480:{\r\n                          items:3,dots: false,},\r\n                      960:{\r\n                          items:5,dots: false,}\r\n                    },loop: true,\r\n                  });\r\n                }\r\n              });\r\n            <\/script>[\/vc_column_inner][\/vc_row_inner][vc_row_inner css=&#8221;.vc_custom_1511348417220{padding-top: 100px !important;padding-bottom: 100px !important;}&#8221;][vc_column_inner width=&#8221;1\/4&#8243;][\/vc_column_inner][vc_column_inner width=&#8221;1\/2&#8243;][vc_column_text css_animation=&#8221;fadeIn&#8221;]<\/p>\n<h6 style=\"text-align: center; color: #fff;\"><a href=\"\/chi-siamo\/\">Costchem S.r.l.<\/a><\/h6>\n<p>[\/vc_column_text][vc_empty_space height=&#8221;15px&#8221;][vc_custom_heading text=&#8221;\u00bfQuieres recibir m\u00e1s informaci\u00f3n?&#8221; font_container=&#8221;tag:h2|text_align:center|color:%23ffffff&#8221; use_theme_fonts=&#8221;yes&#8221; css_animation=&#8221;fadeIn&#8221; css=&#8221;.vc_custom_1585573532083{margin-bottom: 35px !important;}&#8221;]<a  href=\"\/es\/contactos\/\"  target=\"_self\"  title=\"\" class=\"tt_button tt_primary_button btn_primary_color  button-center  icon_right kd-animated zoomIn\" data-animation-delay=200><span class=\"prim_text\">CONT\u00c1CTANOS AHORA<\/span><span class=\" iconita\"><\/span><\/a>[\/vc_column_inner][vc_column_inner width=&#8221;1\/4&#8243;][\/vc_column_inner][\/vc_row_inner][\/vc_column][\/vc_row]<\/p>\n<\/div>","protected":false},"excerpt":{"rendered":"<p>[vc_row el_class=&#8221;under-menu-topbar&#8221;][vc_column][rev_slider_vc alias=&#8221;home-2-11&#8243;][\/vc_column][\/vc_row][vc_row full_width=&#8221;stretch_row&#8221; css=&#8221;.vc_custom_1581940574347{padding-top: 110px !important;padding-bottom: 110px !important;background-color: #f6f6f6 !important;}&#8221;][vc_column css=&#8221;.vc_custom_1516008777154{padding-right: 0px !important;padding-left: 0px !important;}&#8221;][vc_row_inner el_id=&#8221;prodotti&#8221;][vc_column_inner][\/vc_column_inner][\/vc_row_inner][vc_empty_space height=&#8221;30px&#8221;][\/vc_column][\/vc_row][vc_row full_width=&#8221;stretch_row_content_no_spaces&#8221; css=&#8221;.vc_custom_1580832167943{background-color: [&hellip;]<\/p>\n","protected":false},"author":1,"featured_media":0,"parent":0,"menu_order":0,"comment_status":"closed","ping_status":"closed","template":"","meta":{"footnotes":""},"class_list":["post-8135","page","type-page","status-publish","hentry"],"yoast_head":"<!-- This site is optimized with the Yoast SEO plugin v25.4 - https:\/\/yoast.com\/wordpress\/plugins\/seo\/ -->\n<title>Costchem Srl | Home<\/title>\n<meta name=\"description\" content=\"Costchem Srl: specializzati nella produzione di collanti Hot Melt per l&#039;industria e non solo. Scopri Costchem.\" \/>\n<meta name=\"robots\" content=\"index, follow, max-snippet:-1, max-image-preview:large, max-video-preview:-1\" \/>\n<link rel=\"canonical\" href=\"https:\/\/costchem.it\/\" \/>\n<meta property=\"og:locale\" content=\"es_ES\" \/>\n<meta property=\"og:type\" content=\"article\" \/>\n<meta property=\"og:title\" content=\"Costchem Srl | Home\" \/>\n<meta property=\"og:description\" content=\"Costchem Srl: specializzati nella produzione di collanti Hot Melt per l&#039;industria e non solo. Scopri Costchem.\" \/>\n<meta property=\"og:url\" content=\"https:\/\/costchem.it\/\" \/>\n<meta property=\"og:site_name\" content=\"Costchem Srl\" \/>\n<meta property=\"article:modified_time\" content=\"2020-03-31T10:29:29+00:00\" \/>\n<meta name=\"twitter:card\" content=\"summary_large_image\" \/>\n<meta name=\"twitter:label1\" content=\"Tiempo de lectura\" \/>\n\t<meta name=\"twitter:data1\" content=\"7 minutos\" \/>\n<script type=\"application\/ld+json\" class=\"yoast-schema-graph\">{\"@context\":\"https:\/\/schema.org\",\"@graph\":[{\"@type\":\"WebPage\",\"@id\":\"https:\/\/costchem.it\/\",\"url\":\"https:\/\/costchem.it\/\",\"name\":\"Costchem Srl | Home\",\"isPartOf\":{\"@id\":\"https:\/\/costchem.it\/#website\"},\"datePublished\":\"2019-04-24T12:52:16+00:00\",\"dateModified\":\"2020-03-31T10:29:29+00:00\",\"description\":\"Costchem Srl: specializzati nella produzione di collanti Hot Melt per l'industria e non solo. Scopri Costchem.\",\"breadcrumb\":{\"@id\":\"https:\/\/costchem.it\/#breadcrumb\"},\"inLanguage\":\"es\",\"potentialAction\":[{\"@type\":\"ReadAction\",\"target\":[\"https:\/\/costchem.it\/\"]}]},{\"@type\":\"BreadcrumbList\",\"@id\":\"https:\/\/costchem.it\/#breadcrumb\",\"itemListElement\":[{\"@type\":\"ListItem\",\"position\":1,\"name\":\"Home\",\"item\":\"https:\/\/costchem.it\/\"},{\"@type\":\"ListItem\",\"position\":2,\"name\":\"Home\"}]},{\"@type\":\"WebSite\",\"@id\":\"https:\/\/costchem.it\/#website\",\"url\":\"https:\/\/costchem.it\/\",\"name\":\"Costchem Srl\",\"description\":\"\",\"potentialAction\":[{\"@type\":\"SearchAction\",\"target\":{\"@type\":\"EntryPoint\",\"urlTemplate\":\"https:\/\/costchem.it\/?s={search_term_string}\"},\"query-input\":{\"@type\":\"PropertyValueSpecification\",\"valueRequired\":true,\"valueName\":\"search_term_string\"}}],\"inLanguage\":\"es\"}]}<\/script>\n<!-- \/ Yoast SEO plugin. -->","yoast_head_json":{"title":"Costchem Srl | Home","description":"Costchem Srl: specializzati nella produzione di collanti Hot Melt per l'industria e non solo. Scopri Costchem.","robots":{"index":"index","follow":"follow","max-snippet":"max-snippet:-1","max-image-preview":"max-image-preview:large","max-video-preview":"max-video-preview:-1"},"canonical":"https:\/\/costchem.it\/","og_locale":"es_ES","og_type":"article","og_title":"Costchem Srl | Home","og_description":"Costchem Srl: specializzati nella produzione di collanti Hot Melt per l'industria e non solo. Scopri Costchem.","og_url":"https:\/\/costchem.it\/","og_site_name":"Costchem Srl","article_modified_time":"2020-03-31T10:29:29+00:00","twitter_card":"summary_large_image","twitter_misc":{"Tiempo de lectura":"7 minutos"},"schema":{"@context":"https:\/\/schema.org","@graph":[{"@type":"WebPage","@id":"https:\/\/costchem.it\/","url":"https:\/\/costchem.it\/","name":"Costchem Srl | Home","isPartOf":{"@id":"https:\/\/costchem.it\/#website"},"datePublished":"2019-04-24T12:52:16+00:00","dateModified":"2020-03-31T10:29:29+00:00","description":"Costchem Srl: specializzati nella produzione di collanti Hot Melt per l'industria e non solo. Scopri Costchem.","breadcrumb":{"@id":"https:\/\/costchem.it\/#breadcrumb"},"inLanguage":"es","potentialAction":[{"@type":"ReadAction","target":["https:\/\/costchem.it\/"]}]},{"@type":"BreadcrumbList","@id":"https:\/\/costchem.it\/#breadcrumb","itemListElement":[{"@type":"ListItem","position":1,"name":"Home","item":"https:\/\/costchem.it\/"},{"@type":"ListItem","position":2,"name":"Home"}]},{"@type":"WebSite","@id":"https:\/\/costchem.it\/#website","url":"https:\/\/costchem.it\/","name":"Costchem Srl","description":"","potentialAction":[{"@type":"SearchAction","target":{"@type":"EntryPoint","urlTemplate":"https:\/\/costchem.it\/?s={search_term_string}"},"query-input":{"@type":"PropertyValueSpecification","valueRequired":true,"valueName":"search_term_string"}}],"inLanguage":"es"}]}},"_links":{"self":[{"href":"https:\/\/costchem.it\/es\/wp-json\/wp\/v2\/pages\/8135","targetHints":{"allow":["GET"]}}],"collection":[{"href":"https:\/\/costchem.it\/es\/wp-json\/wp\/v2\/pages"}],"about":[{"href":"https:\/\/costchem.it\/es\/wp-json\/wp\/v2\/types\/page"}],"author":[{"embeddable":true,"href":"https:\/\/costchem.it\/es\/wp-json\/wp\/v2\/users\/1"}],"replies":[{"embeddable":true,"href":"https:\/\/costchem.it\/es\/wp-json\/wp\/v2\/comments?post=8135"}],"version-history":[{"count":13,"href":"https:\/\/costchem.it\/es\/wp-json\/wp\/v2\/pages\/8135\/revisions"}],"predecessor-version":[{"id":8726,"href":"https:\/\/costchem.it\/es\/wp-json\/wp\/v2\/pages\/8135\/revisions\/8726"}],"wp:attachment":[{"href":"https:\/\/costchem.it\/es\/wp-json\/wp\/v2\/media?parent=8135"}],"curies":[{"name":"wp","href":"https:\/\/api.w.org\/{rel}","templated":true}]}}