{"id":8394,"date":"2020-02-12T16:08:45","date_gmt":"2020-02-12T15:08:45","guid":{"rendered":"https:\/\/costchem.it\/chi-siamo\/"},"modified":"2020-03-31T12:32:03","modified_gmt":"2020-03-31T10:32:03","slug":"quienes-somos","status":"publish","type":"page","link":"https:\/\/costchem.it\/es\/quienes-somos\/","title":{"rendered":"Quienes somos"},"content":{"rendered":"<div class=\"wpb-content-wrapper\"><p>[vc_row full_width=&#8221;stretch_row&#8221; css=&#8221;.vc_custom_1555687939497{background-color: #f5f5f5 !important;}&#8221;][vc_column][vc_row_inner css=&#8221;.vc_custom_1513720913586{padding-top: 100px !important;padding-right: 100px !important;padding-bottom: 80px !important;padding-left: 100px !important;}&#8221;][vc_column_inner width=&#8221;1\/2&#8243; css=&#8221;.vc_custom_1541584818078{padding-right: 20px !important;}&#8221;]<header class=\"kd-section-title col-lg-12 text-left  kd-animated fadeIn   vc_custom_1585570703097\" data-animation-delay=200><h2 class=\"separator_off\" >NUESTRA COMPA\u00d1\u00cdA<\/h2><h6 class=\"subtitle \" >Costchem es una f\u00e1brica que produce materiales adhesivos con sede en Mason Vicentino en un complejo industrial nuevo y moderno.<br \/>\nCostchem es el resultado de m\u00e1s de 70 a\u00f1os de experiencia en el campo del pegamento para zapatos. Su propietario, Giorgio Costenaro, ha aportado a la empresa toda la experiencia t\u00e9cnica, tecnol\u00f3gica y comercial adquirida por dos generaciones de fabricantes de pegamento: desde el fundador Mino Costenaro y Maria, quienes comenzaron la producci\u00f3n de pegamento para zapatos desde 1948 hasta los a\u00f1os 70, hasta Giorgio Costenaro y Mar\u00eda hasta estos d\u00edas.<\/h6><\/header>[\/vc_column_inner][vc_column_inner width=&#8221;1\/2&#8243; css=&#8221;.vc_custom_1541584821670{padding-left: 20px !important;}&#8221;][vc_single_image image=&#8221;7475&#8243; img_size=&#8221;full&#8221; alignment=&#8221;center&#8221; css_animation=&#8221;fadeIn&#8221; css=&#8221;.vc_custom_1581525281790{padding-left: 20px !important;}&#8221;][\/vc_column_inner][\/vc_row_inner][\/vc_column][\/vc_row][vc_row full_width=&#8221;stretch_row&#8221; css=&#8221;.vc_custom_1540817610015{padding-top: 100px !important;padding-bottom: 100px !important;}&#8221;][vc_column css=&#8221;.vc_custom_1515753185470{padding-right: 0px !important;padding-left: 0px !important;}&#8221;][vc_row_inner css=&#8221;.vc_custom_1581526114427{padding-top: 50px !important;padding-right: 15px !important;padding-bottom: 40px !important;padding-left: 15px !important;}&#8221;][vc_column_inner width=&#8221;5\/12&#8243; css=&#8221;.vc_custom_1555687922223{padding-top: 10px !important;padding-right: 130px !important;padding-left: 0px !important;}&#8221; offset=&#8221;vc_col-lg-5 vc_col-md-12&#8243;]<header class=\"kd-section-title col-lg-12 text-left  kd-animated fadeIn  \" data-animation-delay=200><h2 class=\"separator_off\" >Laboratorio<br \/>\nde servicio t\u00e9cnico<\/h2><h6 class=\"subtitle \" >La ausencia total de burocracia interna le da a la compa\u00f1\u00eda agilidad extrema y dinamismo que lleva a un servicio a medida y puntual.<\/h6><\/header>[\/vc_column_inner][vc_column_inner width=&#8221;7\/12&#8243; offset=&#8221;vc_col-lg-7 vc_col-md-12&#8243;][vc_column_text]Nuestro laboratorio y servicio t\u00e9cnico tienen una experiencia comprobada a largo plazo en el campo y est\u00e1n a su completa disposici\u00f3n para optimizar cada tipo de aplicaci\u00f3n.[\/vc_column_text][vc_column_text]Nuestra elecci\u00f3n productiva se centra en pegamentos tecnol\u00f3gicamente avanzados, respetuosos con la salud y la seguridad de los trabajadores y del medio ambiente. Costchem produce de manera aut\u00f3noma varios tipos de pol\u00edmeros, como poli\u00e9ster, poliamida y poliuretano para ser utilizados como adhesivos y puede ofrecer a sus clientes la mejor y m\u00e1s avanzada tecnolog\u00eda combinada con la m\u00e1s alta calidad. Adem\u00e1s, Costchem ofrece a sus clientes una gama completa y de alta calidad de pegamentos tradicionales a base de neopreno, poliuretano y goma natural, tanto solventes<br \/>\ncomo a base de agua.[\/vc_column_text][\/vc_column_inner][\/vc_row_inner][vc_row_inner css=&#8221;.vc_custom_1581944714263{padding-top: 80px !important;padding-bottom: 80px !important;}&#8221; el_class=&#8221;slide-desk&#8221; el_id=&#8221;slider-desk&#8221;][vc_column_inner][vc_images_carousel images=&#8221;7440,7443,7446,7449&#8243; img_size=&#8221;full&#8221; slides_per_view=&#8221;3&#8243;][\/vc_column_inner][\/vc_row_inner][vc_row_inner css=&#8221;.vc_custom_1581944707852{padding-top: 80px !important;padding-bottom: 80px !important;}&#8221; el_class=&#8221;slide-mobile&#8221; el_id=&#8221;slider-mobile&#8221;][vc_column_inner][vc_images_carousel images=&#8221;7440,7443,7446,7449&#8243; img_size=&#8221;full&#8221;][\/vc_column_inner][\/vc_row_inner][\/vc_column][\/vc_row][vc_row full_width=&#8221;stretch_row&#8221; disable_element=&#8221;yes&#8221; css=&#8221;.vc_custom_1581526160044{padding-top: 100px !important;}&#8221;][vc_column css=&#8221;.vc_custom_1516029079179{padding-right: 0px !important;padding-left: 0px !important;}&#8221;][vc_row_inner][vc_column_inner]<header class=\"kd-section-title vc_col-lg-6 vc_col-sm-8 text-center  kd-animated fadeIn   vc_custom_1541679508117\" data-animation-delay=200><h2 class=\"separator_off\" >Client testimonials<\/h2><h6 class=\"subtitle \" >We are very proud of the service we provide and stand by every product we carry. Read our testimonials from our happy customers.<\/h6><\/header>[\/vc_column_inner][\/vc_row_inner][vc_row_inner css=&#8221;.vc_custom_1540818189549{padding-bottom: 70px !important;}&#8221;][vc_column_inner css=&#8221;.vc_custom_1516029087146{padding-right: 0px !important;padding-left: 0px !important;}&#8221;]<div class=\"slider testimonials black-navigation kd-testimonial-69df572328ec3  with-image\" ><div class=\"tt-content \">\n              <div class=\"tt-content-inner\">\n                <div class=\"tt-container\" style=\" \">\n                    <h6 style=\" \"\">''With plentiful shortcodes to ease your workflow, Ekko is meant to simplify the website building experience. One of the fastest multi-purpose themes.''<\/h6>\n                    <span class=\"author\" >Luke Jacobs<\/span>\n                    <span class=\"content\" >Marketing Manager<\/span>\n                <\/div>\n                <div class=\"tt-image\"><img decoding=\"async\" src=\"https:\/\/www.ekko-wp.com\/static\/wp-content\/uploads\/sites\/3\/2019\/04\/testimonial1.jpg\"  \/><\/div>\n                <\/div>\n            <\/div><div class=\"tt-content \">\n              <div class=\"tt-content-inner\">\n                <div class=\"tt-container\" style=\" \">\n                    <h6 style=\" \"\">''Ekko is a fully packed practical tool of premium built and design. Thus is great for rising undefined businesses looking for a specific customers.''<\/h6>\n                    <span class=\"author\" >Sara Grant<\/span>\n                    <span class=\"content\" >Chief Executive<\/span>\n                <\/div>\n                <div class=\"tt-image\"><img decoding=\"async\" src=\"https:\/\/www.ekko-wp.com\/static\/wp-content\/uploads\/sites\/3\/2019\/04\/testimonial2.jpg\"  \/><\/div>\n                <\/div>\n            <\/div><\/div><script type=\"text\/javascript\">\n              jQuery(document).ready(function($){\n                if ($(\".slider.testimonials.kd-testimonial-69df572328ec3\").length) {\n                  $(\".slider.testimonials.kd-testimonial-69df572328ec3\").owlCarousel({\n                    stageClass: \"owl-wrapper\",\n                    stageOuterClass: \"owl-wrapper-outer\",\n                    loadedClass: \"owl-carousel\",responsive:{\n                        0:{\n                            dots: false,\n                            nav: true,\n                            navSpeed: 500,\n                        },\n                        960:{nav: true,\n                              navSpeed: 500,\n                              dots: false,}\n                    },\n                    items: 1,\n                    rewind: true,\n                    loop: true,autoplay: false,autoplayHoverPause: false,\n                  });\n                }\n              });\n            <\/script>[\/vc_column_inner][\/vc_row_inner][\/vc_column][\/vc_row][vc_row full_width=&#8221;stretch_row&#8221; css=&#8221;.vc_custom_1539081618071{background-color: #f5f5f5 !important;}&#8221;][vc_column css=&#8221;.vc_custom_1516095014613{padding-right: 0px !important;padding-left: 0px !important;}&#8221;][vc_row_inner css=&#8221;.vc_custom_1516095068213{padding-top: 100px !important;padding-bottom: 100px !important;}&#8221;][vc_column_inner width=&#8221;1\/4&#8243; offset=&#8221;vc_hidden-md vc_hidden-sm vc_hidden-xs&#8221;][\/vc_column_inner][vc_column_inner offset=&#8221;vc_col-lg-6&#8243;][vc_custom_heading text=&#8221;Cont\u00e1ctenos para obtener m\u00e1s informaci\u00f3n sobre nuestro trabajo.&#8221; font_container=&#8221;tag:h3|text_align:center&#8221; use_theme_fonts=&#8221;yes&#8221; css_animation=&#8221;fadeIn&#8221; css=&#8221;.vc_custom_1585570881147{margin-bottom: 50px !important;}&#8221;]<a  href=\"https:\/\/costchem.it\/contatti\/\"  target=\"_self\"  title=\"Contatti\" class=\"tt_button tt_primary_button btn_primary_color  button-center\" ><span class=\"prim_text\">CONT\u00c1CTANOS AHORA<\/span><\/a>[\/vc_column_inner][vc_column_inner width=&#8221;1\/4&#8243; offset=&#8221;vc_hidden-md vc_hidden-sm vc_hidden-xs&#8221;][\/vc_column_inner][\/vc_row_inner][\/vc_column][\/vc_row][vc_row full_width=&#8221;stretch_row&#8221; disable_element=&#8221;yes&#8221;][vc_column][vc_row_inner css=&#8221;.vc_custom_1538391716885{padding-top: 100px !important;padding-bottom: 100px !important;}&#8221;][vc_column_inner]<div class=\"slider clients lift-effect kd-client-69df572328fc9  \"><div class=\"clients-content \" ><img decoding=\"async\" src=\"https:\/\/www.ekko-wp.com\/static\/wp-content\/uploads\/sites\/3\/2019\/01\/logo1.png\"  \/><\/div><div class=\"clients-content \" ><img decoding=\"async\" src=\"https:\/\/www.ekko-wp.com\/static\/wp-content\/uploads\/sites\/3\/2019\/01\/logo2.png\"  \/><\/div><div class=\"clients-content \" ><img decoding=\"async\" src=\"https:\/\/www.ekko-wp.com\/static\/wp-content\/uploads\/sites\/3\/2019\/01\/logo3.png\"  \/><\/div><div class=\"clients-content \" ><img decoding=\"async\" src=\"https:\/\/www.ekko-wp.com\/static\/wp-content\/uploads\/sites\/3\/2019\/01\/logo4.png\"  \/><\/div><div class=\"clients-content \" ><img decoding=\"async\" src=\"https:\/\/www.ekko-wp.com\/static\/wp-content\/uploads\/sites\/3\/2019\/01\/logo5.png\"  \/><\/div><div class=\"clients-content \" ><img decoding=\"async\" src=\"https:\/\/www.ekko-wp.com\/static\/wp-content\/uploads\/sites\/3\/2019\/01\/logo6.png\"  \/><\/div><\/div><script type=\"text\/javascript\">\r\n              jQuery(document).ready(function($){\r\n                if ($(\".slider.clients.kd-client-69df572328fc9\").length) {\r\n                  $(\".slider.clients.kd-client-69df572328fc9\").owlCarousel({\r\n                    stageClass: \"owl-wrapper\",\r\n                    stageOuterClass: \"owl-wrapper-outer\",\r\n                    loadedClass: \"owl-carousel\",\r\n                    responsiveClass:true,responsive:{\r\n                      0:{\r\n                          items:1,dots: false,},\r\n                      480:{\r\n                          items:3,dots: false,},\r\n                      960:{\r\n                          items:5,dots: false,}\r\n                    },loop: true,autoplay: true,autoplayTimeout: 4000,\r\n                  });\r\n                }\r\n              });\r\n            <\/script>[\/vc_column_inner][\/vc_row_inner][\/vc_column][\/vc_row][vc_row full_width=&#8221;stretch_row&#8221; disable_element=&#8221;yes&#8221;][vc_column css=&#8221;.vc_custom_1516009024901{padding-right: 0px !important;padding-left: 0px !important;}&#8221;][vc_row_inner css=&#8221;.vc_custom_1555687983632{padding-top: 50px !important;padding-bottom: 100px !important;}&#8221;][vc_column_inner width=&#8221;1\/4&#8243; css=&#8221;.vc_custom_1516009093233{padding-right: 0px !important;padding-left: 0px !important;}&#8221;]<div class=\"key-icon-box icon-default icon-top cont-center ib-hover-1  kd-animated fadeInUp\" style=\"background-color: transparent;\" ><a href=\"#\" target=\"\"><div class=\"ib-wrapper\"><i class=\"iconsmind-Shoes\" style=\" \"><\/i> <h6 class=\"service-heading\" >SCARPE<\/h6><\/div><\/a><\/div>[\/vc_column_inner][vc_column_inner width=&#8221;1\/4&#8243; css=&#8221;.vc_custom_1516009109505{padding-right: 0px !important;padding-left: 0px !important;}&#8221;]<div class=\"key-icon-box icon-default icon-top cont-center ib-hover-1  kd-animated fadeInUp\" style=\"background-color: transparent;\" data-animation-delay=200><a href=\"#\" target=\"\"><div class=\"ib-wrapper\"><i class=\"iconsmind-Twister\" style=\" \"><\/i> <h6 class=\"service-heading\" >FILTRI<\/h6><\/div><\/a><\/div>[\/vc_column_inner][vc_column_inner width=&#8221;1\/4&#8243; css=&#8221;.vc_custom_1516009124658{padding-right: 0px !important;padding-left: 0px !important;}&#8221;]<div class=\"key-icon-box icon-default icon-top cont-center ib-hover-1  kd-animated fadeInUp\" style=\"background-color: transparent;\" data-animation-delay=400><a href=\"#\" target=\"\"><div class=\"ib-wrapper\"><i class=\"iconsmind-Electricity\" style=\" \"><\/i> <h6 class=\"service-heading\" >ELETTRONICA<\/h6><\/div><\/a><\/div>[\/vc_column_inner][vc_column_inner width=&#8221;1\/4&#8243;]<div class=\"key-icon-box icon-default icon-top cont-center ib-hover-1  kd-animated fadeInUp\" style=\"background-color: transparent;\" data-animation-delay=400><a href=\"#\" target=\"\"><div class=\"ib-wrapper\"><i class=\"iconsmind-Thread\" style=\" \"><\/i> <h6 class=\"service-heading\" >TESSILE<\/h6><\/div><\/a><\/div>[\/vc_column_inner][\/vc_row_inner][\/vc_column][\/vc_row]<\/p>\n<\/div>","protected":false},"excerpt":{"rendered":"<p>[vc_row full_width=&#8221;stretch_row&#8221; css=&#8221;.vc_custom_1555687939497{background-color: #f5f5f5 !important;}&#8221;][vc_column][vc_row_inner css=&#8221;.vc_custom_1513720913586{padding-top: 100px !important;padding-right: 100px !important;padding-bottom: 80px !important;padding-left: 100px !important;}&#8221;][vc_column_inner width=&#8221;1\/2&#8243; css=&#8221;.vc_custom_1541584818078{padding-right: 20px !important;}&#8221;][\/vc_column_inner][vc_column_inner width=&#8221;1\/2&#8243; css=&#8221;.vc_custom_1541584821670{padding-left: [&hellip;]<\/p>\n","protected":false},"author":1,"featured_media":7498,"parent":0,"menu_order":0,"comment_status":"closed","ping_status":"closed","template":"","meta":{"footnotes":""},"class_list":["post-8394","page","type-page","status-publish","has-post-thumbnail","hentry"],"yoast_head":"<!-- This site is optimized with the Yoast SEO plugin v25.4 - https:\/\/yoast.com\/wordpress\/plugins\/seo\/ -->\n<title>Quienes somos - Costchem Srl<\/title>\n<meta name=\"robots\" content=\"index, follow, max-snippet:-1, max-image-preview:large, max-video-preview:-1\" \/>\n<link rel=\"canonical\" href=\"https:\/\/costchem.it\/chi-siamo\/\" \/>\n<meta property=\"og:locale\" content=\"es_ES\" \/>\n<meta property=\"og:type\" content=\"article\" \/>\n<meta property=\"og:title\" content=\"Quienes somos - Costchem Srl\" \/>\n<meta property=\"og:description\" content=\"[vc_row full_width=&#8221;stretch_row&#8221; css=&#8221;.vc_custom_1555687939497{background-color: #f5f5f5 !important;}&#8221;][vc_column][vc_row_inner css=&#8221;.vc_custom_1513720913586{padding-top: 100px !important;padding-right: 100px !important;padding-bottom: 80px !important;padding-left: 100px !important;}&#8221;][vc_column_inner width=&#8221;1\/2&#8243; css=&#8221;.vc_custom_1541584818078{padding-right: 20px !important;}&#8221;][\/vc_column_inner][vc_column_inner width=&#8221;1\/2&#8243; css=&#8221;.vc_custom_1541584821670{padding-left: [&hellip;]\" \/>\n<meta property=\"og:url\" content=\"https:\/\/costchem.it\/chi-siamo\/\" \/>\n<meta property=\"og:site_name\" content=\"Costchem Srl\" \/>\n<meta property=\"article:modified_time\" content=\"2020-03-31T10:32:03+00:00\" \/>\n<meta property=\"og:image\" content=\"https:\/\/costchem.it\/wp-content\/uploads\/2020\/02\/Costchem-01.jpg\" \/>\n\t<meta property=\"og:image:width\" content=\"2048\" \/>\n\t<meta property=\"og:image:height\" content=\"1365\" \/>\n\t<meta property=\"og:image:type\" content=\"image\/jpeg\" \/>\n<meta name=\"twitter:card\" content=\"summary_large_image\" \/>\n<meta name=\"twitter:label1\" content=\"Tiempo de lectura\" \/>\n\t<meta name=\"twitter:data1\" content=\"8 minutos\" \/>\n<script type=\"application\/ld+json\" class=\"yoast-schema-graph\">{\"@context\":\"https:\/\/schema.org\",\"@graph\":[{\"@type\":\"WebPage\",\"@id\":\"https:\/\/costchem.it\/chi-siamo\/\",\"url\":\"https:\/\/costchem.it\/chi-siamo\/\",\"name\":\"Quienes somos - Costchem Srl\",\"isPartOf\":{\"@id\":\"https:\/\/costchem.it\/#website\"},\"primaryImageOfPage\":{\"@id\":\"https:\/\/costchem.it\/chi-siamo\/#primaryimage\"},\"image\":{\"@id\":\"https:\/\/costchem.it\/chi-siamo\/#primaryimage\"},\"thumbnailUrl\":\"https:\/\/costchem.it\/wp-content\/uploads\/2020\/02\/Costchem-01.jpg\",\"datePublished\":\"2020-02-12T15:08:45+00:00\",\"dateModified\":\"2020-03-31T10:32:03+00:00\",\"breadcrumb\":{\"@id\":\"https:\/\/costchem.it\/chi-siamo\/#breadcrumb\"},\"inLanguage\":\"es\",\"potentialAction\":[{\"@type\":\"ReadAction\",\"target\":[\"https:\/\/costchem.it\/chi-siamo\/\"]}]},{\"@type\":\"ImageObject\",\"inLanguage\":\"es\",\"@id\":\"https:\/\/costchem.it\/chi-siamo\/#primaryimage\",\"url\":\"https:\/\/costchem.it\/wp-content\/uploads\/2020\/02\/Costchem-01.jpg\",\"contentUrl\":\"https:\/\/costchem.it\/wp-content\/uploads\/2020\/02\/Costchem-01.jpg\",\"width\":2048,\"height\":1365},{\"@type\":\"BreadcrumbList\",\"@id\":\"https:\/\/costchem.it\/chi-siamo\/#breadcrumb\",\"itemListElement\":[{\"@type\":\"ListItem\",\"position\":1,\"name\":\"Home\",\"item\":\"https:\/\/costchem.it\/\"},{\"@type\":\"ListItem\",\"position\":2,\"name\":\"Quienes somos\"}]},{\"@type\":\"WebSite\",\"@id\":\"https:\/\/costchem.it\/#website\",\"url\":\"https:\/\/costchem.it\/\",\"name\":\"Costchem Srl\",\"description\":\"\",\"potentialAction\":[{\"@type\":\"SearchAction\",\"target\":{\"@type\":\"EntryPoint\",\"urlTemplate\":\"https:\/\/costchem.it\/?s={search_term_string}\"},\"query-input\":{\"@type\":\"PropertyValueSpecification\",\"valueRequired\":true,\"valueName\":\"search_term_string\"}}],\"inLanguage\":\"es\"}]}<\/script>\n<!-- \/ Yoast SEO plugin. -->","yoast_head_json":{"title":"Quienes somos - Costchem Srl","robots":{"index":"index","follow":"follow","max-snippet":"max-snippet:-1","max-image-preview":"max-image-preview:large","max-video-preview":"max-video-preview:-1"},"canonical":"https:\/\/costchem.it\/chi-siamo\/","og_locale":"es_ES","og_type":"article","og_title":"Quienes somos - Costchem Srl","og_description":"[vc_row full_width=&#8221;stretch_row&#8221; css=&#8221;.vc_custom_1555687939497{background-color: #f5f5f5 !important;}&#8221;][vc_column][vc_row_inner css=&#8221;.vc_custom_1513720913586{padding-top: 100px !important;padding-right: 100px !important;padding-bottom: 80px !important;padding-left: 100px !important;}&#8221;][vc_column_inner width=&#8221;1\/2&#8243; css=&#8221;.vc_custom_1541584818078{padding-right: 20px !important;}&#8221;][\/vc_column_inner][vc_column_inner width=&#8221;1\/2&#8243; css=&#8221;.vc_custom_1541584821670{padding-left: [&hellip;]","og_url":"https:\/\/costchem.it\/chi-siamo\/","og_site_name":"Costchem Srl","article_modified_time":"2020-03-31T10:32:03+00:00","og_image":[{"width":2048,"height":1365,"url":"https:\/\/costchem.it\/wp-content\/uploads\/2020\/02\/Costchem-01.jpg","type":"image\/jpeg"}],"twitter_card":"summary_large_image","twitter_misc":{"Tiempo de lectura":"8 minutos"},"schema":{"@context":"https:\/\/schema.org","@graph":[{"@type":"WebPage","@id":"https:\/\/costchem.it\/chi-siamo\/","url":"https:\/\/costchem.it\/chi-siamo\/","name":"Quienes somos - Costchem Srl","isPartOf":{"@id":"https:\/\/costchem.it\/#website"},"primaryImageOfPage":{"@id":"https:\/\/costchem.it\/chi-siamo\/#primaryimage"},"image":{"@id":"https:\/\/costchem.it\/chi-siamo\/#primaryimage"},"thumbnailUrl":"https:\/\/costchem.it\/wp-content\/uploads\/2020\/02\/Costchem-01.jpg","datePublished":"2020-02-12T15:08:45+00:00","dateModified":"2020-03-31T10:32:03+00:00","breadcrumb":{"@id":"https:\/\/costchem.it\/chi-siamo\/#breadcrumb"},"inLanguage":"es","potentialAction":[{"@type":"ReadAction","target":["https:\/\/costchem.it\/chi-siamo\/"]}]},{"@type":"ImageObject","inLanguage":"es","@id":"https:\/\/costchem.it\/chi-siamo\/#primaryimage","url":"https:\/\/costchem.it\/wp-content\/uploads\/2020\/02\/Costchem-01.jpg","contentUrl":"https:\/\/costchem.it\/wp-content\/uploads\/2020\/02\/Costchem-01.jpg","width":2048,"height":1365},{"@type":"BreadcrumbList","@id":"https:\/\/costchem.it\/chi-siamo\/#breadcrumb","itemListElement":[{"@type":"ListItem","position":1,"name":"Home","item":"https:\/\/costchem.it\/"},{"@type":"ListItem","position":2,"name":"Quienes somos"}]},{"@type":"WebSite","@id":"https:\/\/costchem.it\/#website","url":"https:\/\/costchem.it\/","name":"Costchem Srl","description":"","potentialAction":[{"@type":"SearchAction","target":{"@type":"EntryPoint","urlTemplate":"https:\/\/costchem.it\/?s={search_term_string}"},"query-input":{"@type":"PropertyValueSpecification","valueRequired":true,"valueName":"search_term_string"}}],"inLanguage":"es"}]}},"_links":{"self":[{"href":"https:\/\/costchem.it\/es\/wp-json\/wp\/v2\/pages\/8394","targetHints":{"allow":["GET"]}}],"collection":[{"href":"https:\/\/costchem.it\/es\/wp-json\/wp\/v2\/pages"}],"about":[{"href":"https:\/\/costchem.it\/es\/wp-json\/wp\/v2\/types\/page"}],"author":[{"embeddable":true,"href":"https:\/\/costchem.it\/es\/wp-json\/wp\/v2\/users\/1"}],"replies":[{"embeddable":true,"href":"https:\/\/costchem.it\/es\/wp-json\/wp\/v2\/comments?post=8394"}],"version-history":[{"count":5,"href":"https:\/\/costchem.it\/es\/wp-json\/wp\/v2\/pages\/8394\/revisions"}],"predecessor-version":[{"id":8727,"href":"https:\/\/costchem.it\/es\/wp-json\/wp\/v2\/pages\/8394\/revisions\/8727"}],"wp:featuredmedia":[{"embeddable":true,"href":"https:\/\/costchem.it\/es\/wp-json\/wp\/v2\/media\/7498"}],"wp:attachment":[{"href":"https:\/\/costchem.it\/es\/wp-json\/wp\/v2\/media?parent=8394"}],"curies":[{"name":"wp","href":"https:\/\/api.w.org\/{rel}","templated":true}]}}