{"id":8447,"date":"2020-02-13T12:06:39","date_gmt":"2020-02-13T11:06:39","guid":{"rendered":"https:\/\/costchem.it\/vele\/"},"modified":"2020-03-31T12:18:59","modified_gmt":"2020-03-31T10:18:59","slug":"velas","status":"publish","type":"page","link":"https:\/\/costchem.it\/es\/velas\/","title":{"rendered":"Velas"},"content":{"rendered":"<div class=\"wpb-content-wrapper\"><p>[vc_row full_width=&#8221;stretch_row&#8221; css=&#8221;.vc_custom_1581607110696{padding-bottom: 100px !important;background-color: #ffffff !important;}&#8221;][vc_column width=&#8221;1\/4&#8243;][vc_widget_sidebar sidebar_id=&#8221;ca-sidebar-7863&#8243;][\/vc_column][vc_column width=&#8221;3\/4&#8243;]<header class=\"kd-section-title col-lg-8 vc_col-sm-8 text-left     vc_custom_1585576122435\" ><h2 class=\"separator_off\" style=\"color: #000000;font-size: 50px;\">PRODUCTOS PARA VELAS<\/h2><\/header>[vc_row_inner][vc_column_inner width=&#8221;2\/3&#8243; css=&#8221;.vc_custom_1516631527307{padding-left: 0px !important;}&#8221;][vc_custom_heading text=&#8221;Adhesivo para Velas&#8221; use_theme_fonts=&#8221;yes&#8221;][vc_column_text]Adhesivo de copoli\u00e9ster bicomponente con peso molecular extremadamente alto para aplicar en una soluci\u00f3n de s\u00f3lidos al 37% en acetato de etilo para unir pel\u00edculas de poli\u00e9ster y poliamida para producir velas, tambi\u00e9n con reforzadores de fibra de carbono.<\/p>\n<p>Debido a sus caracter\u00edsticas, este producto asegura a la junta una estabilidad t\u00e9rmica y clim\u00e1tica extremadamente elevada, evitando el deslizamiento de las pel\u00edculas articuladas.[\/vc_column_text][\/vc_column_inner][vc_column_inner width=&#8221;1\/3&#8243;][vc_single_image image=&#8221;7848&#8243; img_size=&#8221;full&#8221;][\/vc_column_inner][\/vc_row_inner][\/vc_column][\/vc_row][vc_row full_width=&#8221;stretch_row&#8221; css=&#8221;.vc_custom_1581614760240{padding-top: 0px !important;padding-bottom: 0px !important;background-color: #ffffff !important;}&#8221;][vc_column][vc_row_inner css=&#8221;.vc_custom_1581614856607{padding-top: 40px !important;}&#8221;][vc_column_inner]<header class=\"kd-section-title col-lg-8 vc_col-sm-8 text-left     vc_custom_1585576171221\" ><h2 class=\"separator_off\" style=\"color: #000000;font-size: 30px;\">OTRAS CATEGOR\u00cdAS DE PRODUCTOS<\/h2><\/header>[\/vc_column_inner][\/vc_row_inner][vc_row_inner css=&#8221;.vc_custom_1581614842239{padding-top: 30px !important;padding-bottom: 60px !important;}&#8221;][vc_column_inner width=&#8221;1\/4&#8243; css=&#8221;.vc_custom_1516009093233{padding-right: 0px !important;padding-left: 0px !important;}&#8221;]<div class=\"key-icon-box icon-default icon-top cont-center ib-hover-1  kd-animated fadeInUp\" style=\"background-color: transparent;\" ><a href=\"\/es\/zapatos\/\" target=\"\"><div class=\"ib-wrapper\"><i class=\"iconsmind-Shoes\" style=\" \"><\/i> <h6 class=\"service-heading\" >ZAPATOS<\/h6><\/div><\/a><\/div>[\/vc_column_inner][vc_column_inner width=&#8221;1\/4&#8243; css=&#8221;.vc_custom_1516009109505{padding-right: 0px !important;padding-left: 0px !important;}&#8221;]<div class=\"key-icon-box icon-default icon-top cont-center ib-hover-1  kd-animated fadeInUp\" style=\"background-color: transparent;\" data-animation-delay=200><a href=\"\/es\/filtros-de-automoviles\/\" target=\"\"><div class=\"ib-wrapper\"><i class=\"iconsmind-Twister\" style=\" \"><\/i> <h6 class=\"service-heading\" >FILTROS DE AUTOM\u00d3VILES<\/h6><\/div><\/a><\/div>[\/vc_column_inner][vc_column_inner width=&#8221;1\/4&#8243; css=&#8221;.vc_custom_1516009124658{padding-right: 0px !important;padding-left: 0px !important;}&#8221;]<div class=\"key-icon-box icon-default icon-top cont-center ib-hover-1  kd-animated fadeInUp\" style=\"background-color: transparent;\" data-animation-delay=400><a href=\"\/es\/embalaje-flexibles\/\" target=\"\"><div class=\"ib-wrapper\"><i class=\"iconsmind-Milk-Bottle\" style=\" \"><\/i> <h6 class=\"service-heading\" >EMBALAJE FLEXIBLES<\/h6><\/div><\/a><\/div>[\/vc_column_inner][vc_column_inner width=&#8221;1\/4&#8243;]<div class=\"key-icon-box icon-default icon-top cont-center ib-hover-1  kd-animated fadeInUp\" style=\"background-color: transparent;\" data-animation-delay=400><a href=\"\/es\/velas\/\" target=\"\"><div class=\"ib-wrapper\"><i class=\"iconsmind-Sailing-Ship\" style=\" \"><\/i> <h6 class=\"service-heading\" >VELAS<\/h6><\/div><\/a><\/div>[\/vc_column_inner][\/vc_row_inner][\/vc_column][\/vc_row][vc_row full_width=&#8221;stretch_row&#8221; css=&#8221;.vc_custom_1581607688529{padding-top: 0px !important;padding-bottom: 0px !important;background-color: #f9f9f9 !important;}&#8221;][vc_column]<div class=\"kd-calltoaction no_icon \" >\n                <div class=\"container\">\n                  <div class=\"cta-text-container \" ><div class=\"cta-text\">\n                        <h3 >\u00bfQuieres recibir m\u00e1s informaci\u00f3n?<\/h3><p >Cont\u00e1ctenos ahora y le proporcionaremos todas las respuestas.<\/p><\/div>\n                    <\/div>\n                    <div class=\"cta-btncontainer\"><a href=\"mailto:costenaro-giorgio@costenarochem.it\" target=\"_blank\" title=\"\" class=\"tt_button tt_primary_button  btn_primary_color \" >CONT\u00c1CTANOS AHORA<\/a><\/div>\n                <\/div>\n            <\/div>[\/vc_column][\/vc_row]<\/p>\n<\/div>","protected":false},"excerpt":{"rendered":"<p>[vc_row full_width=&#8221;stretch_row&#8221; css=&#8221;.vc_custom_1581607110696{padding-bottom: 100px !important;background-color: #ffffff !important;}&#8221;][vc_column width=&#8221;1\/4&#8243;][vc_widget_sidebar sidebar_id=&#8221;ca-sidebar-7863&#8243;][\/vc_column][vc_column width=&#8221;3\/4&#8243;][vc_row_inner][vc_column_inner width=&#8221;2\/3&#8243; css=&#8221;.vc_custom_1516631527307{padding-left: 0px !important;}&#8221;][vc_custom_heading text=&#8221;Adhesivo para Velas&#8221; use_theme_fonts=&#8221;yes&#8221;][vc_column_text]Adhesivo de copoli\u00e9ster [&hellip;]<\/p>\n","protected":false},"author":1,"featured_media":7848,"parent":0,"menu_order":0,"comment_status":"closed","ping_status":"closed","template":"","meta":{"footnotes":""},"class_list":["post-8447","page","type-page","status-publish","has-post-thumbnail","hentry"],"yoast_head":"<!-- This site is optimized with the Yoast SEO plugin v25.4 - https:\/\/yoast.com\/wordpress\/plugins\/seo\/ -->\n<title>Velas - Costchem Srl<\/title>\n<meta name=\"robots\" content=\"index, follow, max-snippet:-1, max-image-preview:large, max-video-preview:-1\" \/>\n<link rel=\"canonical\" href=\"https:\/\/costchem.it\/vele\/\" \/>\n<meta property=\"og:locale\" content=\"es_ES\" \/>\n<meta property=\"og:type\" content=\"article\" \/>\n<meta property=\"og:title\" content=\"Velas - Costchem Srl\" \/>\n<meta property=\"og:description\" content=\"[vc_row full_width=&#8221;stretch_row&#8221; css=&#8221;.vc_custom_1581607110696{padding-bottom: 100px !important;background-color: #ffffff !important;}&#8221;][vc_column width=&#8221;1\/4&#8243;][vc_widget_sidebar sidebar_id=&#8221;ca-sidebar-7863&#8243;][\/vc_column][vc_column width=&#8221;3\/4&#8243;][vc_row_inner][vc_column_inner width=&#8221;2\/3&#8243; css=&#8221;.vc_custom_1516631527307{padding-left: 0px !important;}&#8221;][vc_custom_heading text=&#8221;Adhesivo para Velas&#8221; use_theme_fonts=&#8221;yes&#8221;][vc_column_text]Adhesivo de copoli\u00e9ster [&hellip;]\" \/>\n<meta property=\"og:url\" content=\"https:\/\/costchem.it\/vele\/\" \/>\n<meta property=\"og:site_name\" content=\"Costchem Srl\" \/>\n<meta property=\"article:modified_time\" content=\"2020-03-31T10:18:59+00:00\" \/>\n<meta property=\"og:image\" content=\"https:\/\/costchem.it\/wp-content\/uploads\/2020\/02\/4-vela.jpg\" \/>\n\t<meta property=\"og:image:width\" content=\"800\" \/>\n\t<meta property=\"og:image:height\" content=\"800\" \/>\n\t<meta property=\"og:image:type\" content=\"image\/jpeg\" \/>\n<meta name=\"twitter:card\" content=\"summary_large_image\" \/>\n<meta name=\"twitter:label1\" content=\"Tiempo de lectura\" \/>\n\t<meta name=\"twitter:data1\" content=\"3 minutos\" \/>\n<script type=\"application\/ld+json\" class=\"yoast-schema-graph\">{\"@context\":\"https:\/\/schema.org\",\"@graph\":[{\"@type\":\"WebPage\",\"@id\":\"https:\/\/costchem.it\/vele\/\",\"url\":\"https:\/\/costchem.it\/vele\/\",\"name\":\"Velas - Costchem Srl\",\"isPartOf\":{\"@id\":\"https:\/\/costchem.it\/#website\"},\"primaryImageOfPage\":{\"@id\":\"https:\/\/costchem.it\/vele\/#primaryimage\"},\"image\":{\"@id\":\"https:\/\/costchem.it\/vele\/#primaryimage\"},\"thumbnailUrl\":\"https:\/\/costchem.it\/wp-content\/uploads\/2020\/02\/4-vela.jpg\",\"datePublished\":\"2020-02-13T11:06:39+00:00\",\"dateModified\":\"2020-03-31T10:18:59+00:00\",\"breadcrumb\":{\"@id\":\"https:\/\/costchem.it\/vele\/#breadcrumb\"},\"inLanguage\":\"es\",\"potentialAction\":[{\"@type\":\"ReadAction\",\"target\":[\"https:\/\/costchem.it\/vele\/\"]}]},{\"@type\":\"ImageObject\",\"inLanguage\":\"es\",\"@id\":\"https:\/\/costchem.it\/vele\/#primaryimage\",\"url\":\"https:\/\/costchem.it\/wp-content\/uploads\/2020\/02\/4-vela.jpg\",\"contentUrl\":\"https:\/\/costchem.it\/wp-content\/uploads\/2020\/02\/4-vela.jpg\",\"width\":800,\"height\":800},{\"@type\":\"BreadcrumbList\",\"@id\":\"https:\/\/costchem.it\/vele\/#breadcrumb\",\"itemListElement\":[{\"@type\":\"ListItem\",\"position\":1,\"name\":\"Home\",\"item\":\"https:\/\/costchem.it\/\"},{\"@type\":\"ListItem\",\"position\":2,\"name\":\"Velas\"}]},{\"@type\":\"WebSite\",\"@id\":\"https:\/\/costchem.it\/#website\",\"url\":\"https:\/\/costchem.it\/\",\"name\":\"Costchem Srl\",\"description\":\"\",\"potentialAction\":[{\"@type\":\"SearchAction\",\"target\":{\"@type\":\"EntryPoint\",\"urlTemplate\":\"https:\/\/costchem.it\/?s={search_term_string}\"},\"query-input\":{\"@type\":\"PropertyValueSpecification\",\"valueRequired\":true,\"valueName\":\"search_term_string\"}}],\"inLanguage\":\"es\"}]}<\/script>\n<!-- \/ Yoast SEO plugin. -->","yoast_head_json":{"title":"Velas - Costchem Srl","robots":{"index":"index","follow":"follow","max-snippet":"max-snippet:-1","max-image-preview":"max-image-preview:large","max-video-preview":"max-video-preview:-1"},"canonical":"https:\/\/costchem.it\/vele\/","og_locale":"es_ES","og_type":"article","og_title":"Velas - Costchem Srl","og_description":"[vc_row full_width=&#8221;stretch_row&#8221; css=&#8221;.vc_custom_1581607110696{padding-bottom: 100px !important;background-color: #ffffff !important;}&#8221;][vc_column width=&#8221;1\/4&#8243;][vc_widget_sidebar sidebar_id=&#8221;ca-sidebar-7863&#8243;][\/vc_column][vc_column width=&#8221;3\/4&#8243;][vc_row_inner][vc_column_inner width=&#8221;2\/3&#8243; css=&#8221;.vc_custom_1516631527307{padding-left: 0px !important;}&#8221;][vc_custom_heading text=&#8221;Adhesivo para Velas&#8221; use_theme_fonts=&#8221;yes&#8221;][vc_column_text]Adhesivo de copoli\u00e9ster [&hellip;]","og_url":"https:\/\/costchem.it\/vele\/","og_site_name":"Costchem Srl","article_modified_time":"2020-03-31T10:18:59+00:00","og_image":[{"width":800,"height":800,"url":"https:\/\/costchem.it\/wp-content\/uploads\/2020\/02\/4-vela.jpg","type":"image\/jpeg"}],"twitter_card":"summary_large_image","twitter_misc":{"Tiempo de lectura":"3 minutos"},"schema":{"@context":"https:\/\/schema.org","@graph":[{"@type":"WebPage","@id":"https:\/\/costchem.it\/vele\/","url":"https:\/\/costchem.it\/vele\/","name":"Velas - Costchem Srl","isPartOf":{"@id":"https:\/\/costchem.it\/#website"},"primaryImageOfPage":{"@id":"https:\/\/costchem.it\/vele\/#primaryimage"},"image":{"@id":"https:\/\/costchem.it\/vele\/#primaryimage"},"thumbnailUrl":"https:\/\/costchem.it\/wp-content\/uploads\/2020\/02\/4-vela.jpg","datePublished":"2020-02-13T11:06:39+00:00","dateModified":"2020-03-31T10:18:59+00:00","breadcrumb":{"@id":"https:\/\/costchem.it\/vele\/#breadcrumb"},"inLanguage":"es","potentialAction":[{"@type":"ReadAction","target":["https:\/\/costchem.it\/vele\/"]}]},{"@type":"ImageObject","inLanguage":"es","@id":"https:\/\/costchem.it\/vele\/#primaryimage","url":"https:\/\/costchem.it\/wp-content\/uploads\/2020\/02\/4-vela.jpg","contentUrl":"https:\/\/costchem.it\/wp-content\/uploads\/2020\/02\/4-vela.jpg","width":800,"height":800},{"@type":"BreadcrumbList","@id":"https:\/\/costchem.it\/vele\/#breadcrumb","itemListElement":[{"@type":"ListItem","position":1,"name":"Home","item":"https:\/\/costchem.it\/"},{"@type":"ListItem","position":2,"name":"Velas"}]},{"@type":"WebSite","@id":"https:\/\/costchem.it\/#website","url":"https:\/\/costchem.it\/","name":"Costchem Srl","description":"","potentialAction":[{"@type":"SearchAction","target":{"@type":"EntryPoint","urlTemplate":"https:\/\/costchem.it\/?s={search_term_string}"},"query-input":{"@type":"PropertyValueSpecification","valueRequired":true,"valueName":"search_term_string"}}],"inLanguage":"es"}]}},"_links":{"self":[{"href":"https:\/\/costchem.it\/es\/wp-json\/wp\/v2\/pages\/8447","targetHints":{"allow":["GET"]}}],"collection":[{"href":"https:\/\/costchem.it\/es\/wp-json\/wp\/v2\/pages"}],"about":[{"href":"https:\/\/costchem.it\/es\/wp-json\/wp\/v2\/types\/page"}],"author":[{"embeddable":true,"href":"https:\/\/costchem.it\/es\/wp-json\/wp\/v2\/users\/1"}],"replies":[{"embeddable":true,"href":"https:\/\/costchem.it\/es\/wp-json\/wp\/v2\/comments?post=8447"}],"version-history":[{"count":4,"href":"https:\/\/costchem.it\/es\/wp-json\/wp\/v2\/pages\/8447\/revisions"}],"predecessor-version":[{"id":8720,"href":"https:\/\/costchem.it\/es\/wp-json\/wp\/v2\/pages\/8447\/revisions\/8720"}],"wp:featuredmedia":[{"embeddable":true,"href":"https:\/\/costchem.it\/es\/wp-json\/wp\/v2\/media\/7848"}],"wp:attachment":[{"href":"https:\/\/costchem.it\/es\/wp-json\/wp\/v2\/media?parent=8447"}],"curies":[{"name":"wp","href":"https:\/\/api.w.org\/{rel}","templated":true}]}}